{"id":6,"date":"2021-01-14T16:05:37","date_gmt":"2021-01-14T16:05:37","guid":{"rendered":"https:\/\/www.publiexperta.es\/index.php\/tienda\/"},"modified":"2021-09-14T09:37:08","modified_gmt":"2021-09-14T09:37:08","slug":"tienda","status":"publish","type":"page","link":"https:\/\/www.publiexperta.es\/","title":{"rendered":"SOLUCIONES DE PERSONALIZACI\u00d3N"},"content":{"rendered":"\n<h2 class=\"wp-block-heading\">\u00bfEst\u00e1s pensando en personalizar algo y no sabes c\u00f3mo? Publiexperta te ayuda a encontrar la mejor opci\u00f3n.<\/h2>\n\n\n\n<p>Encuentra en las diferentes marcas el producto que necesitas y nosotros nos encargamos de estamparlo con el dise\u00f1o que mas te guste.<\/p>\n\n\n\n<p class=\"has-vivid-green-cyan-color has-text-color has-large-font-size\"><a href=\"https:\/\/linktr.ee\/publiexperta\"><strong>CAT\u00c1LOGOS DE MARCAS<\/strong><\/a><\/p>\n\n\n\n<p class=\"has-medium-font-size\"><strong>TIPOS DE ESTAMPACI\u00d3N TEXTIL<\/strong><\/p>\n\n\n\n<p>\u00b7 VINILO <\/p>\n\n\n\n<p>\u00b7 SERIGRAF\u00cdA<\/p>\n\n\n\n<p>\u00b7 BORDADO<\/p>\n\n\n\n<p>\u00b7 IMPRESI\u00d3N DIRECTA<\/p>\n\n\n\n<p>\u00b7 SUBLIMACI\u00d3N<\/p>\n\n\n\n<p>\u00b7 TRANSFER<br><\/p>\n\n\n\n<p class=\"has-text-align-left has-medium-font-size\"><strong>ROTULACI\u00d3N<\/strong> <strong>Y CARTELER\u00cdA<\/strong><\/p>\n\n\n\n<p> \u00b7<a href=\"https:\/\/drive.google.com\/file\/d\/18wsv2eBA8yufuHqWvue0lZkUK4fSSP6l\/view?usp=sharing\"> CAMIONES<\/a><a href=\"https:\/\/drive.google.com\/file\/d\/18wsv2eBA8yufuHqWvue0lZkUK4fSSP6l\/view?usp=sharing\" data-type=\"URL\" data-id=\"https:\/\/drive.google.com\/file\/d\/18wsv2eBA8yufuHqWvue0lZkUK4fSSP6l\/view?usp=sharing\"> <\/a><\/p>\n\n\n\n<p> \u00b7 VEH\u00cdCULOS<\/p>\n\n\n\n<p> \u00b7 LONAS<\/p>\n\n\n\n<p>\u00b7 PVC<\/p>\n\n\n\n<p>\u00b7 DIBOND<\/p>\n\n\n\n<p><br> <\/p>\n","protected":false},"excerpt":{"rendered":"<p>\u00bfEst\u00e1s pensando en personalizar algo y no sabes c\u00f3mo? Publiexperta te ayuda a encontrar la mejor opci\u00f3n. Encuentra en las diferentes marcas el producto que necesitas y nosotros nos encargamos de estamparlo con el dise\u00f1o que mas te guste. CAT\u00c1LOGOS DE MARCAS TIPOS DE ESTAMPACI\u00d3N TEXTIL \u00b7 VINILO \u00b7 SERIGRAF\u00cdA \u00b7 BORDADO \u00b7 IMPRESI\u00d3N DIRECTA [&hellip;]<\/p>\n","protected":false},"author":1,"featured_media":0,"parent":0,"menu_order":0,"comment_status":"closed","ping_status":"closed","template":"","meta":{"footnotes":""},"class_list":["post-6","page","type-page","status-publish","hentry"],"_links":{"self":[{"href":"https:\/\/www.publiexperta.es\/index.php\/wp-json\/wp\/v2\/pages\/6","targetHints":{"allow":["GET"]}}],"collection":[{"href":"https:\/\/www.publiexperta.es\/index.php\/wp-json\/wp\/v2\/pages"}],"about":[{"href":"https:\/\/www.publiexperta.es\/index.php\/wp-json\/wp\/v2\/types\/page"}],"author":[{"embeddable":true,"href":"https:\/\/www.publiexperta.es\/index.php\/wp-json\/wp\/v2\/users\/1"}],"replies":[{"embeddable":true,"href":"https:\/\/www.publiexperta.es\/index.php\/wp-json\/wp\/v2\/comments?post=6"}],"version-history":[{"count":15,"href":"https:\/\/www.publiexperta.es\/index.php\/wp-json\/wp\/v2\/pages\/6\/revisions"}],"predecessor-version":[{"id":467,"href":"https:\/\/www.publiexperta.es\/index.php\/wp-json\/wp\/v2\/pages\/6\/revisions\/467"}],"wp:attachment":[{"href":"https:\/\/www.publiexperta.es\/index.php\/wp-json\/wp\/v2\/media?parent=6"}],"curies":[{"name":"wp","href":"https:\/\/api.w.org\/{rel}","templated":true}]}}